{"id":236,"date":"2024-03-28T08:54:42","date_gmt":"2024-03-28T08:54:42","guid":{"rendered":"https:\/\/bdlayoutsplus.com\/breakdance-hotel-layouts-pack\/?page_id=236"},"modified":"2025-08-11T05:50:51","modified_gmt":"2025-08-11T05:50:51","slug":"contact-us","status":"publish","type":"page","link":"https:\/\/hotel-rexpoliti.gr\/en\/contact-us\/","title":{"rendered":"Contact Us"},"content":{"rendered":"<section class=\"bde-section-236-100 bde-section\">\n              \n  \n  \n\t\n\n  <div class=\"section-background-overlay\"><\/div>\n\n\n<div class=\"section-container\"><div class=\"bde-div-236-101 bde-div\" data-entrance=\"slideUp\">\n  \n  \n\t\n\n\n\n<div class=\"bde-columns-236-102 bde-columns\"><div class=\"bde-column-236-103 bde-column\">\n  \n  \n\t\n\n\n\n<h1 class=\"bde-heading-236-104 bde-heading\">\nContact Us\n<\/h1>\n<\/div><\/div>\n<\/div><\/div>\n<\/section><section class=\"bde-section-236-105 bde-section\">\n  \n  \n\t\n\n\n\n<div class=\"section-container\"><div class=\"bde-div-236-106 bde-div\" data-entrance=\"slideUp\">\n  \n  \n\t\n\n\n\n<div class=\"bde-columns-236-107 bde-columns\"><div class=\"bde-column-236-108 bde-column\">\n  \n  \n\t\n\n\n\n<div class=\"bde-div-236-109 bde-div\">\n  \n  \n\t\n\n\n\n<div class=\"bde-button-236-110 bde-button\">\n    \n                        \n                        \n    \n    \n    \n    \n            \n                    \n            \n            \n\n    \n    \n    \n    \n    \n    <a class=\"breakdance-link button-atom button-atom--custom bde-button__button\" href=\"https:\/\/hotel-rexpoliti.gr\/en\" target=\"_self\" data-type=\"url\"  >\n\n    \n        <span class=\"button-atom__text\">Home<\/span>\n\n                            \n        \n                <\/a>\n\n    \n\n\n<\/div><div class=\"bde-button-236-111 bde-button\">\n    \n                        \n                        \n    \n    \n    \n    \n            \n            <button type=\"button\" class=\"button-atom button-atom--custom bde-button__button\"  >\n    \n        <span class=\"button-atom__text\">Contact Us<\/span>\n\n                            \n        \n            <\/button>\n    \n\n\n<\/div>\n<\/div>\n<\/div><\/div>\n<\/div><\/div>\n<\/section><section class=\"bde-section-236-112 bde-section\">\n  \n  \n\t\n\n\n\n<div class=\"section-container\"><div class=\"bde-div-236-113 bde-div\" data-entrance=\"slideUp\">\n  \n  \n\t\n\n\n\n<div class=\"bde-columns-236-114 bde-columns\"><div class=\"bde-column-236-123 bde-column\">\n  \n  \n\t\n\n\n\n<div class=\"bde-icon-box-236-124 bde-icon-box\">\n\n    \n            <div class=\"ee-iconbox-icon breakdance-icon-atom\" >\n    \n                    <svg xmlns=\"http:\/\/www.w3.org\/2000\/svg\" viewbox=\"0 0 512 512\"><!--! Font Awesome Free 6.5.1 by @fontawesome - https:\/\/fontawesome.com License - https:\/\/fontawesome.com\/license\/free (Icons: CC BY 4.0, Fonts: SIL OFL 1.1, Code: MIT License) Copyright 2023 Fonticons, Inc. --><path d=\"M64 112c-8.8 0-16 7.2-16 16v22.1L220.5 291.7c20.7 17 50.4 17 71.1 0L464 150.1V128c0-8.8-7.2-16-16-16H64zM48 212.2V384c0 8.8 7.2 16 16 16H448c8.8 0 16-7.2 16-16V212.2L322 328.8c-38.4 31.5-93.7 31.5-132 0L48 212.2zM0 128C0 92.7 28.7 64 64 64H448c35.3 0 64 28.7 64 64V384c0 35.3-28.7 64-64 64H64c-35.3 0-64-28.7-64-64V128z\"\/><\/svg>\n        \n        \n        \n            <\/div>\n    \n\n<div class=\"ee-iconbox-content\">\n      <\/div>\n\n<\/div><div class=\"bde-icon-box-236-154 bde-icon-box\">\n\n    \n            <div class=\"ee-iconbox-icon breakdance-icon-atom\" >\n    \n                    <svg xmlns=\"http:\/\/www.w3.org\/2000\/svg\" viewbox=\"0 0 512 512\"><!--! Font Awesome Free 6.5.1 by @fontawesome - https:\/\/fontawesome.com License - https:\/\/fontawesome.com\/license\/free (Icons: CC BY 4.0, Fonts: SIL OFL 1.1, Code: MIT License) Copyright 2023 Fonticons, Inc. --><path d=\"M64 112c-8.8 0-16 7.2-16 16v22.1L220.5 291.7c20.7 17 50.4 17 71.1 0L464 150.1V128c0-8.8-7.2-16-16-16H64zM48 212.2V384c0 8.8 7.2 16 16 16H448c8.8 0 16-7.2 16-16V212.2L322 328.8c-38.4 31.5-93.7 31.5-132 0L48 212.2zM0 128C0 92.7 28.7 64 64 64H448c35.3 0 64 28.7 64 64V384c0 35.3-28.7 64-64 64H64c-35.3 0-64-28.7-64-64V128z\"\/><\/svg>\n        \n        \n        \n            <\/div>\n    \n\n<div class=\"ee-iconbox-content\">\n      <h4 class=\"ee-iconbox-title bde-h3\" >Email Us:<\/h4>\n        <div class=\"ee-iconbox-text\" >info@hotel-rexpoliti.gr<\/div>\n    <\/div>\n\n<\/div>\n<\/div><div class=\"bde-column-236-121 bde-column\">\n  \n  \n\t\n\n\n\n<div class=\"bde-icon-box-236-130 bde-icon-box\">\n\n    \n            <div class=\"ee-iconbox-icon breakdance-icon-atom\" >\n    \n                    <svg xmlns=\"http:\/\/www.w3.org\/2000\/svg\" viewbox=\"0 0 512 512\"><!-- Font Awesome Free 5.15.1 by @fontawesome - https:\/\/fontawesome.com License - https:\/\/fontawesome.com\/license\/free (Icons: CC BY 4.0, Fonts: SIL OFL 1.1, Code: MIT License) --><path d=\"M497.39 361.8l-112-48a24 24 0 0 0-28 6.9l-49.6 60.6A370.66 370.66 0 0 1 130.6 204.11l60.6-49.6a23.94 23.94 0 0 0 6.9-28l-48-112A24.16 24.16 0 0 0 122.6.61l-104 24A24 24 0 0 0 0 48c0 256.5 207.9 464 464 464a24 24 0 0 0 23.4-18.6l24-104a24.29 24.29 0 0 0-14.01-27.6z\"\/><\/svg>\n        \n        \n        \n            <\/div>\n    \n\n<div class=\"ee-iconbox-content\">\n      <\/div>\n\n<\/div><div class=\"bde-icon-box-236-153 bde-icon-box\">\n\n    \n            <div class=\"ee-iconbox-icon breakdance-icon-atom\" >\n    \n                    <svg xmlns=\"http:\/\/www.w3.org\/2000\/svg\" viewbox=\"0 0 512 512\"><!-- Font Awesome Free 5.15.1 by @fontawesome - https:\/\/fontawesome.com License - https:\/\/fontawesome.com\/license\/free (Icons: CC BY 4.0, Fonts: SIL OFL 1.1, Code: MIT License) --><path d=\"M497.39 361.8l-112-48a24 24 0 0 0-28 6.9l-49.6 60.6A370.66 370.66 0 0 1 130.6 204.11l60.6-49.6a23.94 23.94 0 0 0 6.9-28l-48-112A24.16 24.16 0 0 0 122.6.61l-104 24A24 24 0 0 0 0 48c0 256.5 207.9 464 464 464a24 24 0 0 0 23.4-18.6l24-104a24.29 24.29 0 0 0-14.01-27.6z\"\/><\/svg>\n        \n        \n        \n            <\/div>\n    \n\n<div class=\"ee-iconbox-content\">\n      <h4 class=\"ee-iconbox-title bde-h3\" >\u039a\u03b1\u03bb\u03ad\u03c3\u03c4\u03b5 \u03bc\u03b1\u03c2:<\/h4>\n        <div class=\"ee-iconbox-text\" >22310 59313 <\/br> 6974 608 737<\/div>\n    <\/div>\n\n<\/div>\n<\/div><div class=\"bde-column-236-119 bde-column\">\n  \n  \n\t\n\n\n\n<div class=\"bde-icon-box-236-131 bde-icon-box\">\n\n    \n            <div class=\"ee-iconbox-icon breakdance-icon-atom\" >\n    \n                    <svg xmlns=\"http:\/\/www.w3.org\/2000\/svg\" viewbox=\"0 0 576 512\"><!--! Font Awesome Free 6.5.1 by @fontawesome - https:\/\/fontawesome.com License - https:\/\/fontawesome.com\/license\/free (Icons: CC BY 4.0, Fonts: SIL OFL 1.1, Code: MIT License) Copyright 2023 Fonticons, Inc. --><path d=\"M302.8 312C334.9 271.9 408 174.6 408 120C408 53.7 354.3 0 288 0S168 53.7 168 120c0 54.6 73.1 151.9 105.2 192c7.7 9.6 22 9.6 29.6 0zM416 503l144.9-58c9.1-3.6 15.1-12.5 15.1-22.3V152c0-17-17.1-28.6-32.9-22.3l-116 46.4c-.5 1.2-1 2.5-1.5 3.7c-2.9 6.8-6.1 13.7-9.6 20.6V503zM15.1 187.3C6 191 0 199.8 0 209.6V480.4c0 17 17.1 28.6 32.9 22.3L160 451.8V200.4c-3.5-6.9-6.7-13.8-9.6-20.6c-5.6-13.2-10.4-27.4-12.8-41.5l-122.6 49zM384 255c-20.5 31.3-42.3 59.6-56.2 77c-20.5 25.6-59.1 25.6-79.6 0c-13.9-17.4-35.7-45.7-56.2-77V449.4l192 54.9V255z\"\/><\/svg>\n        \n        \n        \n            <\/div>\n    \n\n<div class=\"ee-iconbox-content\">\n      <h4 class=\"ee-iconbox-title bde-h3\" >\u03a4\u03bf\u03c0\u03bf\u03b8\u03b5\u03c3\u03af\u03b1:<\/h4>\n        <div class=\"ee-iconbox-text\" >Loutra Ipatis, Fthiotida<\/div>\n    <\/div>\n\n<\/div>\n<\/div><div class=\"bde-column-236-117 bde-column\">\n  \n  \n\t\n\n\n\n<div class=\"bde-icon-box-236-132 bde-icon-box\">\n\n    \n            <div class=\"ee-iconbox-icon breakdance-icon-atom\" >\n    \n                    <svg xmlns=\"http:\/\/www.w3.org\/2000\/svg\" id=\"b\" data-name=\"Layer 2\" width=\"401.312\" height=\"287.101\" viewbox=\"0 0 401.312 287.101\">\r\n  <g id=\"c\" data-name=\"\u2014\u00ce\u00d3\u00c8_1\">\r\n    <path d=\"M0,220.055v-15.527c8.18-9.193,16.32-18.428,24.524-27.598,21.396-23.877,32.29-40.271,32.29-48.888,0-10.923-7.311-18.79-18.37-18.79-14.329,0-21.584,11.028-21.584,24.438H0c1.432-26,18.446-39.965,43.944-39.965,25.228,0,44.122,15.949,44.122,41.887,0,8.408-2.387,16.789-6.939,23.87-9.394,14.619-26.179,31.316-38.327,43.902h47.355v16.671H0ZM307.75,0c22.925,0,41.619,18.695,41.619,41.62,0,11.46-4.662,21.849-12.192,29.383-9.195,9.195-22.009,13.58-34.874,11.878l-68.062,150.069,25.16,11.381-4.832,10.68-13.298-6.015-5.191,11.476,13.3,6.015-4.832,10.678-25.194-11.395-8.192,18.066c-2.246,4.939-10.175,3.379-14.432,1.151-3.79-1.991-8.436-6.143-6.371-10.687l90.966-200.564c-9.578-7.897-15.195-19.603-15.195-32.115,0-22.925,18.695-41.62,41.62-41.62h0ZM209.564,281.574c1.173-2.662-1.576-6.449-6.144-8.46-4.563-2.011-9.214-1.481-10.387,1.181-1.448,3.288,2.654,6.662,5.238,8.022,3.258,1.718,9.588,3.126,11.292-.743h0ZM320.995,28.375c-7.262-7.233-19.229-7.233-26.49,0-7.232,7.261-7.232,19.226,0,26.487,7.256,7.232,19.233,7.232,26.49,0,7.232-7.261,7.232-19.226,0-26.487h0ZM161.016,177.056v-50.441l-35.222,50.441h35.222ZM161.016,220.055h32.772v-26.327h15.528v-16.672h-15.528v-80.676h-31.599l-56.475,80.676v16.672h55.302v26.327h0ZM317.405,220.055h36.553l47.354-106.289v-17.386h-87.697v14.959h53.099l-49.309,108.716Z\" fill-rule=\"evenodd\"\/>\r\n  <\/g>\r\n<\/svg>\n        \n        \n        \n            <\/div>\n    \n\n<div class=\"ee-iconbox-content\">\n      <h4 class=\"ee-iconbox-title bde-h3\" >\u038f\u03c1\u03b5\u03c2 \u039b\u03b5\u03b9\u03c4\u03bf\u03c5\u03c1\u03b3\u03af\u03b1\u03c2<\/h4>\n      <\/div>\n\n<\/div>\n<\/div><\/div>\n<\/div><div class=\"bde-div-236-125 bde-div\" data-entrance=\"slideUp\">\n  \n  \n\t\n\n\n\n<div class=\"bde-columns-236-126 bde-columns\"><div class=\"bde-column-236-127 bde-column\">\n  \n  \n\t\n\n\n\n<h3 class=\"bde-heading-236-128 bde-heading\">\n\u0395\u03c0\u03b9\u03ba\u03bf\u03b9\u03bd\u03c9\u03bd\u03ae\u03c3\u03c4\u03b5 \u03bc\u03b1\u03b6\u03af \u03bc\u03b1\u03c2..\n<\/h3><div class=\"bde-form-builder-236-129 bde-form-builder\">\n\n<form id=\"contact-form129\" class=\"breakdance-form breakdance-form--vertical\" data-options=\"{&quot;slug&quot;:&quot;custom&quot;,&quot;name&quot;:&quot;Contact Form&quot;,&quot;ajaxUrl&quot;:&quot;https:\\\/\\\/hotel-rexpoliti.gr\\\/wp-admin\\\/admin-ajax.php&quot;,&quot;clearOnSuccess&quot;:true,&quot;hideOnSuccess&quot;:false,&quot;successMessage&quot;:&quot;Your message has been received!&quot;,&quot;errorMessage&quot;:&quot;Something went wrong&quot;,&quot;redirect&quot;:false,&quot;redirectUrl&quot;:&quot;&quot;,&quot;customJavaScript&quot;:&quot;&quot;,&quot;recaptcha&quot;:{&quot;key&quot;:&quot;&quot;,&quot;enabled&quot;:false},&quot;honeypot_enabled&quot;:false,&quot;popupsOnSuccess&quot;:[],&quot;popupsOnError&quot;:[]}\" data-steps=\"0\" action=\"\" >\n  \n  \n  \n<div class=\"breakdance-form-field breakdance-form-field--text\" >\n    \n    \n    \n    <input\n    class=\"breakdance-form-field__input\"\n    id=\"nvuccb\"\n    aria-describedby=\"nvuccb\"\n    type=\"text\"\n    name=\"fields[nvuccb]\"\n    placeholder=\"Full name\"\n    value=\"\"\n                \n        \n        \n    required\n>\n\n\n    \n    \n<\/div>\n\n\n<div class=\"breakdance-form-field breakdance-form-field--email\" >\n    \n    \n    \n    <input\n    class=\"breakdance-form-field__input\"\n    id=\"dvuxiq\"\n    aria-describedby=\"dvuxiq\"\n    type=\"email\"\n    name=\"fields[dvuxiq]\"\n    placeholder=\"Email\"\n    value=\"\"\n                \n        \n        \n    required\n>\n\n\n    \n    \n<\/div>\n\n\n<div class=\"breakdance-form-field breakdance-form-field--tel\" >\n    \n    \n    \n    <input\n    class=\"breakdance-form-field__input\"\n    id=\"dvkjjn\"\n    aria-describedby=\"dvkjjn\"\n    type=\"tel\"\n    name=\"fields[dvkjjn]\"\n    placeholder=\"\u03a4\u03b7\u03bb\u03ad\u03c6\u03c9\u03bd\u03bf \u0395\u03c0\u03b9\u03ba\u03bf\u03b9\u03bd\u03c9\u03bd\u03af\u03b1\u03c2\"\n    value=\"\"\n                \n        \n        \n    required\n>\n\n\n    \n    \n<\/div>\n\n\n<div class=\"breakdance-form-field breakdance-form-field--text\" >\n    \n    \n    \n    <input\n    class=\"breakdance-form-field__input\"\n    id=\"zzefbu\"\n    aria-describedby=\"zzefbu\"\n    type=\"text\"\n    name=\"fields[zzefbu]\"\n    placeholder=\"\u0398\u03b5\u03bc\u03b1 \u0395\u03c0\u03b9\u03ba\u03bf\u03b9\u03bd\u03c9\u03bd\u03af\u03b1\u03c2\"\n    value=\"\"\n                \n        \n        \n    required\n>\n\n\n    \n    \n<\/div>\n\n\n<div class=\"breakdance-form-field breakdance-form-field--textarea\" >\n    \n    \n    \n    <textarea\n    class=\"breakdance-form-field__input\"\n    id=\"uvhwvu\"\n    aria-describedby=\"uvhwvu\"\n    type=\"textarea\"\n    name=\"fields[uvhwvu]\"\n        placeholder=\"\u03a4\u03bf \u03bc\u03b7\u03bd\u03c5\u03bc\u03ac \u03c3\u03b1\u03c2\"\n    required\n>\n<\/textarea>\n\n\n    \n    \n<\/div>\n\n\n  \n\n<div class=\"breakdance-form-field breakdance-form-footer\">\n    \n    \n                                    \n    \n    \n    \n    \n            \n            <button type=\"submit\" class=\"button-atom button-atom--primary breakdance-form-button breakdance-form-button__submit\"  >\n    \n        <span class=\"button-atom__text\">\u0391\u03c0\u03bf\u03c3\u03c4\u03bf\u03bb\u03ae<\/span>\n\n        \n        \n            <\/button>\n    \n    <input type=\"hidden\" name=\"form_id\" value=\"129\">\n    <input type=\"hidden\" name=\"post_id\" value=\"236\">\n<\/div>\n\n  \n<input type=\"hidden\" name=\"trp-form-language\" value=\"en\"\/><\/form>\n\n\n<\/div>\n<\/div><\/div>\n<\/div><\/div>\n<\/section><section class=\"bde-section-236-133 bde-section\">\n  \n  \n\t\n\n\n\n<div class=\"section-container\"><div class=\"bde-div-236-134 bde-div\" data-entrance=\"slideUp\">\n  \n  \n\t\n\n\n\n<div class=\"bde-columns-236-149 bde-columns\"><div class=\"bde-column-236-151 bde-column\">\n  \n  \n\t\n\n\n\n<div class=\"bde-code-block-236-152 bde-code-block\">\n\n  <div style=\"max-width:100%;list-style:none; transition: none;overflow:hidden;width:100%;height:400px;\"><div id=\"canvas-for-googlemap\" style=\"height:100%; width:100%;max-width:100%;\"><iframe style=\"height:100%;width:100%;border:0;\" frameborder=\"0\" src=\"https:\/\/www.google.com\/maps\/embed?pb=!1m14!1m12!1m3!1d2273.202646690611!2d22.27679136448767!3d38.89456335733191!2m3!1f0!2f0!3f0!3m2!1i1024!2i768!4f13.1!5e0!3m2!1sen!2sgr!4v1751801595678!5m2!1sen!2sgr\"><\/iframe><\/div><a class=\"embed-ded-maphtml\" href=\"https:\/\/www.bootstrapskins.com\/themes\" id=\"inject-map-data\">premium bootstrap themes<\/a><style>#canvas-for-googlemap img.text-marker{max-width:none!important;background:none!important;}img{max-width:none}<\/style><\/div>\n\n\n<\/div>\n<\/div><\/div>\n<\/div><\/div>\n<\/section>","protected":false},"excerpt":{"rendered":"<p>\u0395\u03c0\u03b9\u03ba\u03bf\u03b9\u03bd\u03c9\u03bd\u03af\u03b1 Home Contact Us Email Us: info@hotel-rexpoliti.gr \u039a\u03b1\u03bb\u03ad\u03c3\u03c4\u03b5 \u03bc\u03b1\u03c2: 22310 59313 6974 608 737 \u03a4\u03bf\u03c0\u03bf\u03b8\u03b5\u03c3\u03af\u03b1: \u039b\u03bf\u03c5\u03c4\u03c1\u03ac \u03a5\u03c0\u03ac\u03c4\u03b7\u03c2, \u03a6\u03b8\u03b9\u03ce\u03c4\u03b9\u03b4\u03b1 \u038f\u03c1\u03b5\u03c2 \u039b\u03b5\u03b9\u03c4\u03bf\u03c5\u03c1\u03b3\u03af\u03b1\u03c2 \u0395\u03c0\u03b9\u03ba\u03bf\u03b9\u03bd\u03c9\u03bd\u03ae\u03c3\u03c4\u03b5 \u03bc\u03b1\u03b6\u03af \u03bc\u03b1\u03c2.. \u0391\u03c0\u03bf\u03c3\u03c4\u03bf\u03bb\u03ae premium bootstrap themes<\/p>","protected":false},"author":1,"featured_media":960,"parent":0,"menu_order":0,"comment_status":"closed","ping_status":"closed","template":"","meta":{"_acf_changed":false,"_breakdance_hide_in_design_set":false,"_breakdance_tags":"","footnotes":""},"class_list":["post-236","page","type-page","status-publish","has-post-thumbnail","hentry"],"acf":[],"_links":{"self":[{"href":"https:\/\/hotel-rexpoliti.gr\/en\/wp-json\/wp\/v2\/pages\/236","targetHints":{"allow":["GET"]}}],"collection":[{"href":"https:\/\/hotel-rexpoliti.gr\/en\/wp-json\/wp\/v2\/pages"}],"about":[{"href":"https:\/\/hotel-rexpoliti.gr\/en\/wp-json\/wp\/v2\/types\/page"}],"author":[{"embeddable":true,"href":"https:\/\/hotel-rexpoliti.gr\/en\/wp-json\/wp\/v2\/users\/1"}],"replies":[{"embeddable":true,"href":"https:\/\/hotel-rexpoliti.gr\/en\/wp-json\/wp\/v2\/comments?post=236"}],"version-history":[{"count":0,"href":"https:\/\/hotel-rexpoliti.gr\/en\/wp-json\/wp\/v2\/pages\/236\/revisions"}],"wp:featuredmedia":[{"embeddable":true,"href":"https:\/\/hotel-rexpoliti.gr\/en\/wp-json\/wp\/v2\/media\/960"}],"wp:attachment":[{"href":"https:\/\/hotel-rexpoliti.gr\/en\/wp-json\/wp\/v2\/media?parent=236"}],"curies":[{"name":"wp","href":"https:\/\/api.w.org\/{rel}","templated":true}]}}